{"id":7144,"date":"2024-05-01T19:04:54","date_gmt":"2024-05-01T17:04:54","guid":{"rendered":"https:\/\/wl.dr-raab.com\/?page_id=7144"},"modified":"2024-07-12T12:21:05","modified_gmt":"2024-07-12T10:21:05","slug":"opt-out","status":"publish","type":"page","link":"https:\/\/wl.dr-raab.com\/en\/opt-out\/","title":{"rendered":"Confirmation of participation"},"content":{"rendered":"<div>\n<h1 class=\"uk-heading-default uk-text-center uk-margin-large-top\">Sie haben sich erfolgreich ausgetragen.<\/h1>\n<p class=\"uk-text-large uk-text-center uk-margin-small-bottom\">Bei erneutem Interesse tragen Sie sich bitte wieder in unsere Warteliste ein.<\/p>\n<p class=\"uk-text-large uk-text-center uk-margin-small-bottom\">Praxis Dr. Nikolaus Raab<\/p>\n<\/div>\n<div>\n<p class=\"uk-margin-large-bottom\">Dienerstra\u00dfe 17<br \/>80331 M\u00fcnchen<br \/><a href=\"tel:+498924401297\" title=\"Praxis Dr. Raab anrufen\">+49 89 24 40 12 97<\/a><br \/><a href=\"mailto:praxis@dr-raab.com\" title=\"Eine E-Mail schreiben\">praxis@dr-raab.com<\/a><\/p>\n<\/div>\n<p><!--more--><br \/>\n<!-- {\"type\":\"layout\",\"children\":[{\"type\":\"section\",\"props\":{\"animation\":\"slide-left\",\"css\":\".el-section{padding-bottom:90px;}\\n@media (max-width: 1199px) {\\n.el-section{padding-top:180px;}\\t\\n}\\n@media (max-width: 685px) {\\n.el-section{padding-top:50px;}\\t\\n}\",\"image_position\":\"center-center\",\"style\":\"secondary\",\"title_breakpoint\":\"xl\",\"title_position\":\"top-left\",\"title_rotation\":\"left\",\"vertical_align\":\"\",\"width\":\"default\"},\"children\":[{\"type\":\"row\",\"children\":[{\"type\":\"column\",\"props\":{\"image_position\":\"center-center\",\"position_sticky_breakpoint\":\"m\"},\"children\":[{\"type\":\"text\",\"props\":{\"column_breakpoint\":\"m\",\"content\":\"\n\n<h1 class=\\\"uk-heading-default uk-text-center uk-margin-large-top\\\">Sie haben sich erfolgreich ausgetragen.<\\\/h1>\\n\n\n<p class=\\\"uk-text-large uk-text-center uk-margin-small-bottom\\\">Bei erneutem Interesse tragen Sie sich bitte wieder in unsere Warteliste ein.<\\\/p>\\n\n\n<p class=\\\"uk-text-large uk-text-center uk-margin-small-bottom\\\">Praxis Dr. Nikolaus Raab<\\\/p>\",\"margin\":\"default\"}},{\"type\":\"text\",\"props\":{\"block_align\":\"center\",\"column_breakpoint\":\"m\",\"content\":\"\n\n<p class=\\\"uk-margin-large-bottom\\\">Dienerstra\\u00dfe 17<br \\\/>80331 M\\u00fcnchen<br \\\/><a href=\\\"tel:+498924401297\\\" title=\\\"Praxis Dr. Raab anrufen\\\">+49 89 24 40 12 97<\\\/a><br \\\/><a href=\\\"mailto:praxis@dr-raab.com\\\" title=\\\"Eine E-Mail schreiben\\\">praxis@dr-raab.com<\\\/a><\\\/p>\",\"css\":\"a{color:#7F695A;}\\na:hover{color:#FFF;}\\n.el-element{padding-left:75px;}\",\"margin\":\"default\",\"maxwidth\":\"medium\"}}]}]}],\"name\":\"Austragungsbest\\u00e4tigung\"}],\"version\":\"4.4.5\"} --><\/p>\n","protected":false},"excerpt":{"rendered":"<p>Sie haben sich erfolgreich ausgetragen. Bei erneutem Interesse tragen Sie sich bitte wieder in unsere Warteliste ein. Praxis Dr. Nikolaus Raab Dienerstra\u00dfe 1780331 M\u00fcnchen+49 89 24 40 12 97praxis@dr-raab.com<\/p>","protected":false},"author":1,"featured_media":0,"parent":0,"menu_order":0,"comment_status":"closed","ping_status":"closed","template":"","meta":{"_acf_changed":false,"footnotes":""},"class_list":["post-7144","page","type-page","status-publish","hentry"],"acf":[],"yoast_head":"<!-- This site is optimized with the Yoast SEO plugin v27.5 - https:\/\/yoast.com\/product\/yoast-seo-wordpress\/ -->\n<title>Austragungsbest\u00e4tigung - Praxis Dr. Raab<\/title>\n<meta name=\"description\" content=\"Austragungsbest\u00e4tigung - Wartelistenmanagement der Privatpraxis Dr. Nikolaus Raab - 80331 M\u00fcnchen, Dienerstra\u00dfe 17\" \/>\n<meta name=\"robots\" content=\"index, follow, max-snippet:-1, max-image-preview:large, max-video-preview:-1\" \/>\n<link rel=\"canonical\" href=\"https:\/\/wl.dr-raab.com\/en\/opt-out\/\" \/>\n<meta property=\"og:locale\" content=\"en_US\" \/>\n<meta property=\"og:type\" content=\"article\" \/>\n<meta property=\"og:title\" content=\"Austragungsbest\u00e4tigung - Praxis Dr. Raab\" \/>\n<meta property=\"og:description\" content=\"Austragungsbest\u00e4tigung - Wartelistenmanagement der Privatpraxis Dr. Nikolaus Raab - 80331 M\u00fcnchen, Dienerstra\u00dfe 17\" \/>\n<meta property=\"og:url\" content=\"https:\/\/wl.dr-raab.com\/en\/opt-out\/\" \/>\n<meta property=\"og:site_name\" content=\"Praxis Dr. Raab\" \/>\n<meta property=\"article:modified_time\" content=\"2024-07-12T10:21:05+00:00\" \/>\n<meta name=\"twitter:card\" content=\"summary_large_image\" \/>\n<meta name=\"twitter:label1\" content=\"Est. reading time\" \/>\n\t<meta name=\"twitter:data1\" content=\"1 minute\" \/>\n<script type=\"application\/ld+json\" class=\"yoast-schema-graph\">{\"@context\":\"https:\\\/\\\/schema.org\",\"@graph\":[{\"@type\":\"WebPage\",\"@id\":\"https:\\\/\\\/wl.dr-raab.com\\\/austragungsbestaetigung\\\/\",\"url\":\"https:\\\/\\\/wl.dr-raab.com\\\/austragungsbestaetigung\\\/\",\"name\":\"Austragungsbest\u00e4tigung - Praxis Dr. Raab\",\"isPartOf\":{\"@id\":\"https:\\\/\\\/wl.dr-raab.com\\\/#website\"},\"datePublished\":\"2024-05-01T17:04:54+00:00\",\"dateModified\":\"2024-07-12T10:21:05+00:00\",\"description\":\"Austragungsbest\u00e4tigung - Wartelistenmanagement der Privatpraxis Dr. Nikolaus Raab - 80331 M\u00fcnchen, Dienerstra\u00dfe 17\",\"breadcrumb\":{\"@id\":\"https:\\\/\\\/wl.dr-raab.com\\\/austragungsbestaetigung\\\/#breadcrumb\"},\"inLanguage\":\"en-US\",\"potentialAction\":[{\"@type\":\"ReadAction\",\"target\":[\"https:\\\/\\\/wl.dr-raab.com\\\/austragungsbestaetigung\\\/\"]}]},{\"@type\":\"BreadcrumbList\",\"@id\":\"https:\\\/\\\/wl.dr-raab.com\\\/austragungsbestaetigung\\\/#breadcrumb\",\"itemListElement\":[{\"@type\":\"ListItem\",\"position\":1,\"name\":\"Home\",\"item\":\"https:\\\/\\\/wl.dr-raab.com\\\/\"},{\"@type\":\"ListItem\",\"position\":2,\"name\":\"Austragungsbest\u00e4tigung\"}]},{\"@type\":\"WebSite\",\"@id\":\"https:\\\/\\\/wl.dr-raab.com\\\/#website\",\"url\":\"https:\\\/\\\/wl.dr-raab.com\\\/\",\"name\":\"Praxis Dr. Raab\",\"description\":\"Warteliste\",\"potentialAction\":[{\"@type\":\"SearchAction\",\"target\":{\"@type\":\"EntryPoint\",\"urlTemplate\":\"https:\\\/\\\/wl.dr-raab.com\\\/?s={search_term_string}\"},\"query-input\":{\"@type\":\"PropertyValueSpecification\",\"valueRequired\":true,\"valueName\":\"search_term_string\"}}],\"inLanguage\":\"en-US\"}]}<\/script>\n<!-- \/ Yoast SEO plugin. -->","yoast_head_json":{"title":"You have successfully signed out - Practice Dr. Raab","description":"Confirmation of withdrawal - Waiting list management of the private practice Dr. Nikolaus Raab - 80331 Munich, Dienerstra\u00dfe 17","robots":{"index":"index","follow":"follow","max-snippet":"max-snippet:-1","max-image-preview":"max-image-preview:large","max-video-preview":"max-video-preview:-1"},"canonical":"https:\/\/wl.dr-raab.com\/en\/opt-out\/","og_locale":"en_US","og_type":"article","og_title":"Austragungsbest\u00e4tigung - Praxis Dr. Raab","og_description":"Austragungsbest\u00e4tigung - Wartelistenmanagement der Privatpraxis Dr. Nikolaus Raab - 80331 M\u00fcnchen, Dienerstra\u00dfe 17","og_url":"https:\/\/wl.dr-raab.com\/en\/opt-out\/","og_site_name":"Praxis Dr. Raab","article_modified_time":"2024-07-12T10:21:05+00:00","twitter_card":"summary_large_image","twitter_misc":{"Est. reading time":"1 minute"},"schema":{"@context":"https:\/\/schema.org","@graph":[{"@type":"WebPage","@id":"https:\/\/wl.dr-raab.com\/austragungsbestaetigung\/","url":"https:\/\/wl.dr-raab.com\/austragungsbestaetigung\/","name":"You have successfully signed out - Practice Dr. Raab","isPartOf":{"@id":"https:\/\/wl.dr-raab.com\/#website"},"datePublished":"2024-05-01T17:04:54+00:00","dateModified":"2024-07-12T10:21:05+00:00","description":"Confirmation of withdrawal - Waiting list management of the private practice Dr. Nikolaus Raab - 80331 Munich, Dienerstra\u00dfe 17","breadcrumb":{"@id":"https:\/\/wl.dr-raab.com\/austragungsbestaetigung\/#breadcrumb"},"inLanguage":"en-US","potentialAction":[{"@type":"ReadAction","target":["https:\/\/wl.dr-raab.com\/austragungsbestaetigung\/"]}]},{"@type":"BreadcrumbList","@id":"https:\/\/wl.dr-raab.com\/austragungsbestaetigung\/#breadcrumb","itemListElement":[{"@type":"ListItem","position":1,"name":"Home","item":"https:\/\/wl.dr-raab.com\/"},{"@type":"ListItem","position":2,"name":"Austragungsbest\u00e4tigung"}]},{"@type":"WebSite","@id":"https:\/\/wl.dr-raab.com\/#website","url":"https:\/\/wl.dr-raab.com\/","name":"Practice Dr. Raab","description":"Waiting list","potentialAction":[{"@type":"SearchAction","target":{"@type":"EntryPoint","urlTemplate":"https:\/\/wl.dr-raab.com\/?s={search_term_string}"},"query-input":{"@type":"PropertyValueSpecification","valueRequired":true,"valueName":"search_term_string"}}],"inLanguage":"en-US"}]}},"_links":{"self":[{"href":"https:\/\/wl.dr-raab.com\/en\/wp-json\/wp\/v2\/pages\/7144","targetHints":{"allow":["GET"]}}],"collection":[{"href":"https:\/\/wl.dr-raab.com\/en\/wp-json\/wp\/v2\/pages"}],"about":[{"href":"https:\/\/wl.dr-raab.com\/en\/wp-json\/wp\/v2\/types\/page"}],"author":[{"embeddable":true,"href":"https:\/\/wl.dr-raab.com\/en\/wp-json\/wp\/v2\/users\/1"}],"replies":[{"embeddable":true,"href":"https:\/\/wl.dr-raab.com\/en\/wp-json\/wp\/v2\/comments?post=7144"}],"version-history":[{"count":1,"href":"https:\/\/wl.dr-raab.com\/en\/wp-json\/wp\/v2\/pages\/7144\/revisions"}],"predecessor-version":[{"id":39777,"href":"https:\/\/wl.dr-raab.com\/en\/wp-json\/wp\/v2\/pages\/7144\/revisions\/39777"}],"wp:attachment":[{"href":"https:\/\/wl.dr-raab.com\/en\/wp-json\/wp\/v2\/media?parent=7144"}],"curies":[{"name":"wp","href":"https:\/\/api.w.org\/{rel}","templated":true}]}}